{"id":114,"date":"2020-03-24T10:44:03","date_gmt":"2020-03-24T08:44:03","guid":{"rendered":"https:\/\/demosites.io\/rokophoto-gb\/?page_id=114"},"modified":"2024-05-20T15:23:37","modified_gmt":"2024-05-20T13:23:37","slug":"md","status":"publish","type":"page","link":"https:\/\/steffouderoelink.nl\/?page_id=114","title":{"rendered":"Motion Design"},"content":{"rendered":"\n<div id=\"wp-block-themeisle-blocks-advanced-columns-a2d6b6cf\" class=\"wp-block-themeisle-blocks-advanced-columns alignfull has-1-columns has-desktop-equal-layout has-tablet-equal-layout has-mobile-equal-layout has-vertical-unset\"><div class=\"wp-block-themeisle-blocks-advanced-columns-overlay\"><\/div><div class=\"innerblocks-wrap\">\n<div id=\"wp-block-themeisle-blocks-advanced-column-102d751f\" class=\"wp-block-themeisle-blocks-advanced-column\">\n<h1 id=\"wp-block-themeisle-blocks-advanced-heading-156caa8a\" class=\"wp-block-themeisle-blocks-advanced-heading wp-block-themeisle-blocks-advanced-heading-156caa8a\">motion design<\/h1>\n<\/div>\n<\/div><\/div>\n\n\n\n<div id=\"wp-block-themeisle-blocks-advanced-columns-39ba9f58\" class=\"wp-block-themeisle-blocks-advanced-columns alignfull has-2-columns has-desktop-equal-layout has-tablet-equal-layout has-mobile-collapsedRows-layout has-vertical-center has-light-bg\"><div class=\"wp-block-themeisle-blocks-advanced-columns-overlay\"><\/div><div class=\"innerblocks-wrap\">\n<div id=\"wp-block-themeisle-blocks-advanced-column-e3f97a34\" class=\"wp-block-themeisle-blocks-advanced-column\">\n<h2 id=\"wp-block-themeisle-blocks-advanced-heading-75769ae3\" class=\"wp-block-themeisle-blocks-advanced-heading wp-block-themeisle-blocks-advanced-heading-75769ae3\">inhoud motion design<\/h2>\n\n\n\n<p class=\"has-neve-text-color-color has-text-color\">Met mijn motion design projecten probeer ik altijd te focussen op \u00e9\u00e9n onderwerp per keer. Dit houd het voor mij erg overzichtelijk en effici\u00ebnt. Bij de inhoud van motion design ga ik niet in de diepte in van de projecten maar hou ik het lekker oppervlakkig.<\/p>\n<\/div>\n\n\n\n<div id=\"wp-block-themeisle-blocks-advanced-column-31062c3d\" class=\"wp-block-themeisle-blocks-advanced-column\"><div class=\"wp-block-image\">\n<figure class=\"alignright size-large is-resized\"><img loading=\"lazy\" decoding=\"async\" width=\"1024\" height=\"1024\" src=\"https:\/\/steffouderoelink.nl\/wp-content\/uploads\/2023\/09\/LP-HOES-1024x1024.jpg\" alt=\"\" class=\"wp-image-280\" style=\"width:240px\" srcset=\"https:\/\/steffouderoelink.nl\/wp-content\/uploads\/2023\/09\/LP-HOES-1024x1024.jpg 1024w, https:\/\/steffouderoelink.nl\/wp-content\/uploads\/2023\/09\/LP-HOES-300x300.jpg 300w, https:\/\/steffouderoelink.nl\/wp-content\/uploads\/2023\/09\/LP-HOES-150x150.jpg 150w, https:\/\/steffouderoelink.nl\/wp-content\/uploads\/2023\/09\/LP-HOES-768x768.jpg 768w, https:\/\/steffouderoelink.nl\/wp-content\/uploads\/2023\/09\/LP-HOES.jpg 1080w\" sizes=\"auto, (max-width: 1024px) 100vw, 1024px\" \/><\/figure>\n<\/div><\/div>\n<\/div><\/div>\n\n\n\n<div id=\"wp-block-themeisle-blocks-advanced-columns-a03d85c1\" class=\"wp-block-themeisle-blocks-advanced-columns alignfull has-1-columns has-desktop-equal-layout has-tablet-equal-layout has-mobile-equal-layout has-vertical-unset has-dark-bg\"><div class=\"wp-block-themeisle-blocks-advanced-columns-overlay\"><\/div><div class=\"innerblocks-wrap\">\n<div id=\"wp-block-themeisle-blocks-advanced-column-0e70f4bf\" class=\"wp-block-themeisle-blocks-advanced-column\">\n<figure class=\"wp-block-gallery alignwide has-nested-images columns-default is-cropped wp-block-gallery-2 is-layout-flex wp-block-gallery-is-layout-flex\">\n<figure class=\"wp-block-image size-large imagehover wp-duotone-unset-1\"><a href=\"https:\/\/steffouderoelink.nl\/?page_id=356\"><img loading=\"lazy\" decoding=\"async\" width=\"1024\" height=\"556\" data-id=\"325\" src=\"https:\/\/steffouderoelink.nl\/wp-content\/uploads\/2023\/10\/burning-Knipsel-1024x556.jpg\" alt=\"\" class=\"wp-image-325\"\/><\/a><figcaption class=\"wp-element-caption\"><strong>upside down (stranger things)<\/strong><\/figcaption><\/figure>\n\n\n\n<figure class=\"wp-block-image size-full imagehover\"><a href=\"https:\/\/steffouderoelink.nl\/?page_id=379\"><img loading=\"lazy\" decoding=\"async\" width=\"599\" height=\"599\" data-id=\"330\" src=\"https:\/\/steffouderoelink.nl\/wp-content\/uploads\/2023\/10\/dinosaurus-render-2-1.png\" alt=\"\" class=\"wp-image-330\" srcset=\"https:\/\/steffouderoelink.nl\/wp-content\/uploads\/2023\/10\/dinosaurus-render-2-1.png 599w, https:\/\/steffouderoelink.nl\/wp-content\/uploads\/2023\/10\/dinosaurus-render-2-1-300x300.png 300w, https:\/\/steffouderoelink.nl\/wp-content\/uploads\/2023\/10\/dinosaurus-render-2-1-150x150.png 150w\" sizes=\"auto, (max-width: 599px) 100vw, 599px\" \/><\/a><figcaption class=\"wp-element-caption\"><strong>Unreal Engine<\/strong><\/figcaption><\/figure>\n\n\n\n<figure class=\"wp-block-image size-large imagehover\"><a href=\"https:\/\/steffouderoelink.nl\/?page_id=382\"><img loading=\"lazy\" decoding=\"async\" width=\"1024\" height=\"1024\" data-id=\"328\" src=\"https:\/\/steffouderoelink.nl\/wp-content\/uploads\/2023\/10\/jaarboek-picture-1024x1024.jpg\" alt=\"\" class=\"wp-image-328\" srcset=\"https:\/\/steffouderoelink.nl\/wp-content\/uploads\/2023\/10\/jaarboek-picture-1024x1024.jpg 1024w, https:\/\/steffouderoelink.nl\/wp-content\/uploads\/2023\/10\/jaarboek-picture-300x300.jpg 300w, https:\/\/steffouderoelink.nl\/wp-content\/uploads\/2023\/10\/jaarboek-picture-150x150.jpg 150w, https:\/\/steffouderoelink.nl\/wp-content\/uploads\/2023\/10\/jaarboek-picture-768x768.jpg 768w, https:\/\/steffouderoelink.nl\/wp-content\/uploads\/2023\/10\/jaarboek-picture.jpg 1181w\" sizes=\"auto, (max-width: 1024px) 100vw, 1024px\" \/><\/a><figcaption class=\"wp-element-caption\"><strong>8 Bit Mario<\/strong><\/figcaption><\/figure>\n<\/figure>\n<\/div>\n<\/div><\/div>\n","protected":false},"excerpt":{"rendered":"","protected":false},"author":1,"featured_media":0,"parent":0,"menu_order":0,"comment_status":"closed","ping_status":"closed","template":"page-templates\/template-pagebuilder-full-width.php","meta":{"neve_meta_sidebar":"full-width","neve_meta_container":"contained","neve_meta_enable_content_width":"on","neve_meta_content_width":100,"neve_meta_title_alignment":"","neve_meta_author_avatar":"","neve_post_elements_order":"","neve_meta_disable_header":"","neve_meta_disable_footer":"","neve_meta_disable_title":"","_themeisle_gutenberg_block_has_review":false,"_ti_tpc_template_sync":false,"_ti_tpc_template_id":"m6bt0e2flmp3sw2c0iq5","footnotes":""},"class_list":["post-114","page","type-page","status-publish","hentry"],"_links":{"self":[{"href":"https:\/\/steffouderoelink.nl\/index.php?rest_route=\/wp\/v2\/pages\/114","targetHints":{"allow":["GET"]}}],"collection":[{"href":"https:\/\/steffouderoelink.nl\/index.php?rest_route=\/wp\/v2\/pages"}],"about":[{"href":"https:\/\/steffouderoelink.nl\/index.php?rest_route=\/wp\/v2\/types\/page"}],"author":[{"embeddable":true,"href":"https:\/\/steffouderoelink.nl\/index.php?rest_route=\/wp\/v2\/users\/1"}],"replies":[{"embeddable":true,"href":"https:\/\/steffouderoelink.nl\/index.php?rest_route=%2Fwp%2Fv2%2Fcomments&post=114"}],"version-history":[{"count":18,"href":"https:\/\/steffouderoelink.nl\/index.php?rest_route=\/wp\/v2\/pages\/114\/revisions"}],"predecessor-version":[{"id":648,"href":"https:\/\/steffouderoelink.nl\/index.php?rest_route=\/wp\/v2\/pages\/114\/revisions\/648"}],"wp:attachment":[{"href":"https:\/\/steffouderoelink.nl\/index.php?rest_route=%2Fwp%2Fv2%2Fmedia&parent=114"}],"curies":[{"name":"wp","href":"https:\/\/api.w.org\/{rel}","templated":true}]}}